{"id":540,"date":"2025-05-12T22:26:28","date_gmt":"2025-05-12T22:26:28","guid":{"rendered":"http:\/\/localhost:10010\/home\/"},"modified":"2025-05-14T07:50:18","modified_gmt":"2025-05-14T07:50:18","slug":"home","status":"publish","type":"page","link":"https:\/\/www.puuagentti.fi\/en\/","title":{"rendered":"Home"},"content":{"rendered":"<div data-elementor-type=\"wp-page\" data-elementor-id=\"540\" class=\"elementor elementor-540\">\n\t\t\t\t<div class=\"elementor-element elementor-element-2cb5f4f e-flex e-con-boxed e-con e-parent\" data-id=\"2cb5f4f\" data-element_type=\"container\" data-e-type=\"container\" data-settings=\"{&quot;background_background&quot;:&quot;classic&quot;}\">\n\t\t\t\t\t<div class=\"e-con-inner\">\n\t\t<div class=\"elementor-element elementor-element-fe6a729 e-con-full e-flex e-con e-child\" data-id=\"fe6a729\" data-element_type=\"container\" data-e-type=\"container\">\n\t\t\t\t<div class=\"elementor-element elementor-element-8966e55 elementor-widget-divider--view-line elementor-widget elementor-widget-divider\" data-id=\"8966e55\" data-element_type=\"widget\" data-e-type=\"widget\" data-widget_type=\"divider.default\">\n\t\t\t\t<div class=\"elementor-widget-container\">\n\t\t\t\t\t\t\t<div class=\"elementor-divider\">\n\t\t\t<span class=\"elementor-divider-separator\">\n\t\t\t\t\t\t<\/span>\n\t\t<\/div>\n\t\t\t\t\t\t<\/div>\n\t\t\t\t<\/div>\n\t\t\t\t<div class=\"elementor-element elementor-element-c7345d2 elementor-widget elementor-widget-heading\" data-id=\"c7345d2\" data-element_type=\"widget\" data-e-type=\"widget\" data-widget_type=\"heading.default\">\n\t\t\t\t<div class=\"elementor-widget-container\">\n\t\t\t\t\t<h1 class=\"elementor-heading-title elementor-size-default\">STADIN PUUAGENTTI<\/h1>\t\t\t\t<\/div>\n\t\t\t\t<\/div>\n\t\t\t\t<div class=\"elementor-element elementor-element-de48581 elementor-widget elementor-widget-heading\" data-id=\"de48581\" data-element_type=\"widget\" data-e-type=\"widget\" data-widget_type=\"heading.default\">\n\t\t\t\t<div class=\"elementor-widget-container\">\n\t\t\t\t\t<h3 class=\"elementor-heading-title elementor-size-default\">KONEET, KELKAT JA KULJETUS - REHELLISESTI STADISTA<\/h3>\t\t\t\t<\/div>\n\t\t\t\t<\/div>\n\t\t\t\t<div class=\"elementor-element elementor-element-7ba1da6 elementor-align-center elementor-widget elementor-widget-button\" data-id=\"7ba1da6\" data-element_type=\"widget\" data-e-type=\"widget\" data-widget_type=\"button.default\">\n\t\t\t\t<div class=\"elementor-widget-container\">\n\t\t\t\t\t\t\t\t\t<div class=\"elementor-button-wrapper\">\n\t\t\t\t\t<a class=\"elementor-button elementor-button-link elementor-size-sm\" href=\"https:\/\/www.puuagentti.fi\/en\/projects\/\">\n\t\t\t\t\t\t<span class=\"elementor-button-content-wrapper\">\n\t\t\t\t\t\t\t\t\t<span class=\"elementor-button-text\">kATSO KALUSTO<\/span>\n\t\t\t\t\t<\/span>\n\t\t\t\t\t<\/a>\n\t\t\t\t<\/div>\n\t\t\t\t\t\t\t\t<\/div>\n\t\t\t\t<\/div>\n\t\t\t\t<\/div>\n\t\t\t\t\t<\/div>\n\t\t\t\t<\/div>\n\t\t<div class=\"elementor-element elementor-element-9a6682e e-con-full e-flex e-con e-parent\" data-id=\"9a6682e\" data-element_type=\"container\" data-e-type=\"container\">\n\t\t<div class=\"elementor-element elementor-element-981f579 e-grid e-con-boxed e-con e-child\" data-id=\"981f579\" data-element_type=\"container\" data-e-type=\"container\">\n\t\t\t\t\t<div class=\"e-con-inner\">\n\t\t\t\t<div class=\"elementor-element elementor-element-2d52a52 elementor-view-default elementor-position-block-start elementor-mobile-position-block-start elementor-widget elementor-widget-icon-box\" data-id=\"2d52a52\" data-element_type=\"widget\" data-e-type=\"widget\" data-widget_type=\"icon-box.default\">\n\t\t\t\t<div class=\"elementor-widget-container\">\n\t\t\t\t\t\t\t<div class=\"elementor-icon-box-wrapper\">\n\n\t\t\t\t\t\t<div class=\"elementor-icon-box-icon\">\n\t\t\t\t<span  class=\"elementor-icon\">\n\t\t\t\t<svg xmlns=\"http:\/\/www.w3.org\/2000\/svg\" xmlns:xlink=\"http:\/\/www.w3.org\/1999\/xlink\" fill=\"#000000\" width=\"800px\" height=\"800px\" viewbox=\"0 0 30 30\"><path d=\"M16 7 A 1.0001 1.0001 0 1 0 16 9L17.585938 9L19.189453 10.603516L15 12L11 12C10.278 11.037 9.204 10 8 10L2.5 10 A 1.5 1.5 0 0 0 1 11.5 A 1.5 1.5 0 0 0 2.5 13C4.5174269 13 6.5125881 13.725894 8.265625 14.667969L2.8828125 17.226562L2.96875 17.189453C2.7980047 17.252113 2.6398355 17.32985 2.4960938 17.414062L2.578125 17.371094L2.515625 17.400391 A 1.0001 1.0001 0 0 0 2.0644531 17.824219C1.448771 18.372553 1 19.114488 1 20C1 21.64497 2.3550302 23 4 23L12 23C13.036996 23 13.961721 22.465688 14.498047 21.658203 A 1.0001 1.0001 0 0 0 14.513672 21.634766L16.160156 19L20 19C20.156305 19 20.307604 18.984487 20.460938 18.974609L21.673828 21L19 21 A 1.0001 1.0001 0 1 0 19 23L24.376953 23C26.980118 23 28.705078 21.246094 28.705078 21.246094 A 1.0001 1.0001 0 0 0 28.837891 19.990234L27.837891 18.455078 A 1.0001 1.0001 0 0 0 27 17.988281 A 1.0001 1.0001 0 0 0 26.162109 19.544922L26.646484 20.289062C26.132783 20.62886 25.404915 21 24.376953 21L24.003906 21L22.539062 18.552734C25.544303 17.520621 27.580078 15.041016 27.580078 15.041016L27.580078 15.039062 A 1.5 1.5 0 0 0 28 14 A 1.5 1.5 0 0 0 26.978516 12.580078L26.978516 12.578125L21.728516 10.314453L18.707031 7.2929688 A 1.0001 1.0001 0 0 0 18 7L16 7 z M 10.150391 15.986328L11.994141 17.185547C13.125337 18.109435 13.759437 18.758764 13.876953 18.880859L12.818359 20.576172L12.832031 20.550781C12.652355 20.821295 12.355004 21 12 21L4 21C3.4349698 21 3 20.56503 3 20C3 19.640643 3.1849574 19.343138 3.4667969 19.164062L3.4257812 19.183594 A 1.0001 1.0001 0 0 0 3.46875 19.160156C3.46875 19.160156 3.4707031 19.158203 3.4707031 19.158203 A 1.0001 1.0001 0 0 0 3.9121094 18.068359L4.1074219 18.857422L10.150391 15.986328 z\"><\/path><\/svg>\t\t\t\t<\/span>\n\t\t\t<\/div>\n\t\t\t\n\t\t\t\t\t\t<div class=\"elementor-icon-box-content\">\n\n\t\t\t\t\t\t\t\t\t<h3 class=\"elementor-icon-box-title\">\n\t\t\t\t\t\t<span  >\n\t\t\t\t\t\t\tMOOTTORIKELKAT\t\t\t\t\t\t<\/span>\n\t\t\t\t\t<\/h3>\n\t\t\t\t\n\t\t\t\t\t\t\t\t\t<p class=\"elementor-icon-box-description\">\n\t\t\t\t\t\tTalvisesongin suosituimmat mallit \u2013 uudet ja k\u00e4ytetyt. Valikoimassa mm. <b>Lynx, Ski-Doo, Polaris ja Arctic Cat<\/b> \u2013 niin reitille kuin syv\u00e4\u00e4n lumeen.\t\t\t\t\t<\/p>\n\t\t\t\t\n\t\t\t<\/div>\n\t\t\t\n\t\t<\/div>\n\t\t\t\t\t\t<\/div>\n\t\t\t\t<\/div>\n\t\t\t\t<div class=\"elementor-element elementor-element-d64897b elementor-view-default elementor-position-block-start elementor-mobile-position-block-start elementor-widget elementor-widget-icon-box\" data-id=\"d64897b\" data-element_type=\"widget\" data-e-type=\"widget\" data-widget_type=\"icon-box.default\">\n\t\t\t\t<div class=\"elementor-widget-container\">\n\t\t\t\t\t\t\t<div class=\"elementor-icon-box-wrapper\">\n\n\t\t\t\t\t\t<div class=\"elementor-icon-box-icon\">\n\t\t\t\t<span  class=\"elementor-icon\">\n\t\t\t\t<svg xmlns=\"http:\/\/www.w3.org\/2000\/svg\" xmlns:xlink=\"http:\/\/www.w3.org\/1999\/xlink\" fill=\"#000000\" width=\"800px\" height=\"800px\" viewbox=\"0 0 50 50\"><path d=\"M18.8125 11C18.558594 11.050781 18.335938 11.195313 18.1875 11.40625L15.3125 15.25C13.867188 15.964844 12.523438 17.109375 11.8125 17.78125C12.179688 17.980469 12.449219 18.097656 12.5 18.125C12.710938 18.242188 18.140625 22.320313 20 32C20.179688 32.941406 21 33 21 33L28 33C28 33 28.816406 33.0625 29 32C29.382813 29.78125 30.242188 26.714844 30.9375 25L27 25C24.761719 25 23.066406 22.554688 21.28125 19.96875C20.128906 18.300781 18.863281 16.5 17.5625 15.59375L19.5 13L23 13C23.359375 13.003906 23.695313 12.816406 23.878906 12.503906C24.058594 12.191406 24.058594 11.808594 23.878906 11.496094C23.695313 11.183594 23.359375 10.996094 23 11L19 11C18.96875 11 18.9375 11 18.90625 11C18.875 11 18.84375 11 18.8125 11 Z M 20.15625 15.21875C21.140625 16.265625 22.050781 17.5625 22.9375 18.84375C24.289063 20.796875 25.808594 23 27 23L31.8125 23C32.523438 21.511719 33.101563 20.558594 33.15625 20.46875C33.265625 20.285156 33.425781 20.144531 33.625 20.0625C33.90625 19.945313 40.292969 17.3125 44.46875 17.03125C44.378906 17.039063 44.308594 17.023438 44.21875 17.03125C44.144531 17.015625 44.078125 17 44 17C37.847656 17 33.335938 17.878906 30.34375 18.46875C28.886719 18.757813 27.722656 19 27 19C26.179688 19 24.828125 18.21875 23.28125 16.84375C22.378906 16.039063 21.296875 15.496094 20.15625 15.21875 Z M 9.125 18.625L4.375 19.65625C3.011719 19.960938 1.976563 21.117188 1.78125 22.5L1 27.84375C0.980469 27.992188 1.019531 28.144531 1.0625 28.28125C1.066406 28.289063 1.058594 28.304688 1.0625 28.3125L2.0625 31.3125C2.199219 31.722656 2.570313 32 3 32L3.09375 32C3.046875 32.328125 3 32.660156 3 33C3 36.859375 6.140625 40 10 40C13.859375 40 17 36.859375 17 33C17 32.304688 16.910156 31.632813 16.71875 31L17.75 31C15.703125 22.386719 11.542969 19.898438 11.5 19.875C11.476563 19.863281 10.40625 19.179688 9.125 18.625 Z M 46.9375 18.78125L45.125 19C45.089844 19.003906 45.066406 19 45.03125 19C41.730469 19.066406 36.070313 21.261719 34.6875 21.8125C34.101563 22.855469 32.089844 26.644531 31.1875 31L32.28125 31C32.09375 31.632813 32 32.304688 32 33C32 36.859375 35.140625 40 39 40C42.859375 40 46 36.859375 46 33C46 29.421875 43.3125 26.476563 39.84375 26.0625L40.53125 25L48 25C48.304688 25 48.589844 24.859375 48.78125 24.625C48.96875 24.386719 49.035156 24.078125 48.96875 23.78125C48.9375 23.636719 48.335938 20.929688 46.9375 18.78125 Z M 6.8125 21.1875L6 24L3.46875 24.84375L3.75 22.78125C3.828125 22.21875 4.257813 21.746094 4.8125 21.625 Z M 10 28C12.757813 28 15 30.242188 15 33C15 35.757813 12.757813 38 10 38C7.242188 38 5 35.757813 5 33C5 30.242188 7.242188 28 10 28 Z M 39 28C41.757813 28 44 30.242188 44 33C44 35.757813 41.757813 38 39 38C36.242188 38 34 35.757813 34 33C34 30.242188 36.242188 28 39 28 Z M 10 30C8.34375 30 7 31.34375 7 33C7 34.65625 8.34375 36 10 36C11.65625 36 13 34.65625 13 33C13 31.34375 11.65625 30 10 30 Z M 39 30C37.34375 30 36 31.34375 36 33C36 34.65625 37.34375 36 39 36C40.65625 36 42 34.65625 42 33C42 31.34375 40.65625 30 39 30Z\"><\/path><\/svg>\t\t\t\t<\/span>\n\t\t\t<\/div>\n\t\t\t\n\t\t\t\t\t\t<div class=\"elementor-icon-box-content\">\n\n\t\t\t\t\t\t\t\t\t<h3 class=\"elementor-icon-box-title\">\n\t\t\t\t\t\t<span  >\n\t\t\t\t\t\t\tM\u00d6NKIJ\u00c4T\t\t\t\t\t\t<\/span>\n\t\t\t\t\t<\/h3>\n\t\t\t\t\n\t\t\t\t\t\t\t\t\t<p class=\"elementor-icon-box-description\">\n\t\t\t\t\t\tLuotettavaa maastoajoneuvoa ty\u00f6h\u00f6n, vapaa-aikaan ja maastoon. Tunnettuja merkkej\u00e4 kuten <b>Can-Am, Polaris ja Yamaha.<\/b>\t\t\t\t\t<\/p>\n\t\t\t\t\n\t\t\t<\/div>\n\t\t\t\n\t\t<\/div>\n\t\t\t\t\t\t<\/div>\n\t\t\t\t<\/div>\n\t\t\t\t<div class=\"elementor-element elementor-element-e9cbc67 elementor-view-default elementor-position-block-start elementor-mobile-position-block-start elementor-widget elementor-widget-icon-box\" data-id=\"e9cbc67\" data-element_type=\"widget\" data-e-type=\"widget\" data-widget_type=\"icon-box.default\">\n\t\t\t\t<div class=\"elementor-widget-container\">\n\t\t\t\t\t\t\t<div class=\"elementor-icon-box-wrapper\">\n\n\t\t\t\t\t\t<div class=\"elementor-icon-box-icon\">\n\t\t\t\t<span  class=\"elementor-icon\">\n\t\t\t\t<svg aria-hidden=\"true\" class=\"e-font-icon-svg e-fas-car-side\" viewbox=\"0 0 640 512\" xmlns=\"http:\/\/www.w3.org\/2000\/svg\"><path d=\"M544 192h-16L419.22 56.02A64.025 64.025 0 0 0 369.24 32H155.33c-26.17 0-49.7 15.93-59.42 40.23L48 194.26C20.44 201.4 0 226.21 0 256v112c0 8.84 7.16 16 16 16h48c0 53.02 42.98 96 96 96s96-42.98 96-96h128c0 53.02 42.98 96 96 96s96-42.98 96-96h48c8.84 0 16-7.16 16-16v-80c0-53.02-42.98-96-96-96zM160 432c-26.47 0-48-21.53-48-48s21.53-48 48-48 48 21.53 48 48-21.53 48-48 48zm72-240H116.93l38.4-96H232v96zm48 0V96h89.24l76.8 96H280zm200 240c-26.47 0-48-21.53-48-48s21.53-48 48-48 48 21.53 48 48-21.53 48-48 48z\"><\/path><\/svg>\t\t\t\t<\/span>\n\t\t\t<\/div>\n\t\t\t\n\t\t\t\t\t\t<div class=\"elementor-icon-box-content\">\n\n\t\t\t\t\t\t\t\t\t<h3 class=\"elementor-icon-box-title\">\n\t\t\t\t\t\t<span  >\n\t\t\t\t\t\t\tAUTOJEN TUONTIPALVELU\t\t\t\t\t\t<\/span>\n\t\t\t\t\t<\/h3>\n\t\t\t\t\n\t\t\t\t\t\t\t\t\t<p class=\"elementor-icon-box-description\">\n\t\t\t\t\t\tTuomme ajoneuvot puolestasi \u2013 tullaus, vero, rekister\u00f6inti. S\u00e4\u00e4st\u00f6 jopa 20 % verrattuna kotimaisiin hintoihin.\n\t\t\t\t\t<\/p>\n\t\t\t\t\n\t\t\t<\/div>\n\t\t\t\n\t\t<\/div>\n\t\t\t\t\t\t<\/div>\n\t\t\t\t<\/div>\n\t\t\t\t\t<\/div>\n\t\t\t\t<\/div>\n\t\t<div class=\"elementor-element elementor-element-c43ce39 e-con-full e-flex e-con e-child\" data-id=\"c43ce39\" data-element_type=\"container\" data-e-type=\"container\">\n\t\t<div class=\"elementor-element elementor-element-a04918c e-grid e-con-boxed e-con e-child\" data-id=\"a04918c\" data-element_type=\"container\" data-e-type=\"container\">\n\t\t\t\t\t<div class=\"e-con-inner\">\n\t\t\t\t<div class=\"elementor-element elementor-element-ef297a1 elementor-widget elementor-widget-image\" data-id=\"ef297a1\" data-element_type=\"widget\" data-e-type=\"widget\" data-widget_type=\"image.default\">\n\t\t\t\t<div class=\"elementor-widget-container\">\n\t\t\t\t\t\t\t\t\t\t\t\t\t\t\t<img decoding=\"async\" src=\"https:\/\/www.puuagentti.fi\/wp-content\/uploads\/elementor\/thumbs\/fridi-antrack-XnxXK9lfaQc-unsplash-scaled-r5pr4uj8a6iny2o3kolht0qm5gphd52kihhzzvsbi8.jpg\" title=\"fridi-antrack-XnxXK9lfaQc-unsplash\" alt=\"fridi-antrack-XnxXK9lfaQc-unsplash\" loading=\"lazy\" \/>\t\t\t\t\t\t\t\t\t\t\t\t\t\t\t<\/div>\n\t\t\t\t<\/div>\n\t\t\t\t<div class=\"elementor-element elementor-element-823e64c elementor-widget elementor-widget-image\" data-id=\"823e64c\" data-element_type=\"widget\" data-e-type=\"widget\" data-widget_type=\"image.default\">\n\t\t\t\t<div class=\"elementor-widget-container\">\n\t\t\t\t\t\t\t\t\t\t\t\t\t\t\t<img decoding=\"async\" src=\"https:\/\/www.puuagentti.fi\/wp-content\/uploads\/elementor\/thumbs\/matthew-smith-nwgS91ileXw-unsplash-scaled-r5pr5w4rvjy4uh5hh4ukkr91wvk5x17tznlf6y8klc.jpg\" title=\"matthew-smith-nwgS91ileXw-unsplash\" alt=\"matthew-smith-nwgS91ileXw-unsplash\" loading=\"lazy\" \/>\t\t\t\t\t\t\t\t\t\t\t\t\t\t\t<\/div>\n\t\t\t\t<\/div>\n\t\t\t\t<div class=\"elementor-element elementor-element-f77e134 elementor-widget elementor-widget-image\" data-id=\"f77e134\" data-element_type=\"widget\" data-e-type=\"widget\" data-widget_type=\"image.default\">\n\t\t\t\t<div class=\"elementor-widget-container\">\n\t\t\t\t\t\t\t\t\t\t\t\t\t\t\t<img decoding=\"async\" src=\"https:\/\/www.puuagentti.fi\/wp-content\/uploads\/elementor\/thumbs\/calitore-z4HxwmtVoBs-unsplash-scaled-r5pr8chlpzb35tl5571i34ydr3go0kylnsx2aylkcg.jpg\" title=\"calitore-z4HxwmtVoBs-unsplash\" alt=\"calitore-z4HxwmtVoBs-unsplash\" loading=\"lazy\" \/>\t\t\t\t\t\t\t\t\t\t\t\t\t\t\t<\/div>\n\t\t\t\t<\/div>\n\t\t\t\t\t<\/div>\n\t\t\t\t<\/div>\n\t\t\t\t<\/div>\n\t\t\t\t<\/div>\n\t\t\t\t<\/div>","protected":false},"excerpt":{"rendered":"<p>STADIN PUUAGENTTI KONEET, KELKAT JA KULJETUS &#8211; REHELLISESTI STADISTA kATSO KALUSTO MOOTTORIKELKAT Talvisesongin suosituimmat mallit \u2013 uudet ja k\u00e4ytetyt. Valikoimassa mm. Lynx, Ski-Doo, Polaris ja Arctic Cat \u2013 niin reitille kuin syv\u00e4\u00e4n lumeen. M\u00d6NKIJ\u00c4T Luotettavaa maastoajoneuvoa ty\u00f6h\u00f6n, vapaa-aikaan ja maastoon. Tunnettuja merkkej\u00e4 kuten Can-Am, Polaris ja Yamaha. AUTOJEN TUONTIPALVELU Tuomme ajoneuvot puolestasi \u2013 tullaus, vero, [&hellip;]<\/p>\n","protected":false},"author":1,"featured_media":0,"parent":0,"menu_order":0,"comment_status":"closed","ping_status":"closed","template":"","meta":{"site-sidebar-layout":"no-sidebar","site-content-layout":"page-builder","ast-site-content-layout":"full-width-container","site-content-style":"unboxed","site-sidebar-style":"unboxed","ast-global-header-display":"","ast-banner-title-visibility":"","ast-main-header-display":"","ast-hfb-above-header-display":"","ast-hfb-below-header-display":"","ast-hfb-mobile-header-display":"","site-post-title":"disabled","ast-breadcrumbs-content":"","ast-featured-img":"disabled","footer-sml-layout":"","ast-disable-related-posts":"","theme-transparent-header-meta":"enabled","adv-header-id-meta":"","stick-header-meta":"","header-above-stick-meta":"","header-main-stick-meta":"","header-below-stick-meta":"","astra-migrate-meta-layouts":"set","ast-page-background-enabled":"default","ast-page-background-meta":{"desktop":{"background-color":"","background-image":"","background-repeat":"repeat","background-position":"center center","background-size":"auto","background-attachment":"scroll","background-type":"","background-media":"","overlay-type":"","overlay-color":"","overlay-opacity":"","overlay-gradient":""},"tablet":{"background-color":"","background-image":"","background-repeat":"repeat","background-position":"center center","background-size":"auto","background-attachment":"scroll","background-type":"","background-media":"","overlay-type":"","overlay-color":"","overlay-opacity":"","overlay-gradient":""},"mobile":{"background-color":"","background-image":"","background-repeat":"repeat","background-position":"center center","background-size":"auto","background-attachment":"scroll","background-type":"","background-media":"","overlay-type":"","overlay-color":"","overlay-opacity":"","overlay-gradient":""}},"ast-content-background-meta":{"desktop":{"background-color":"var(--ast-global-color-5)","background-image":"","background-repeat":"repeat","background-position":"center center","background-size":"auto","background-attachment":"scroll","background-type":"","background-media":"","overlay-type":"","overlay-color":"","overlay-opacity":"","overlay-gradient":""},"tablet":{"background-color":"var(--ast-global-color-5)","background-image":"","background-repeat":"repeat","background-position":"center center","background-size":"auto","background-attachment":"scroll","background-type":"","background-media":"","overlay-type":"","overlay-color":"","overlay-opacity":"","overlay-gradient":""},"mobile":{"background-color":"var(--ast-global-color-5)","background-image":"","background-repeat":"repeat","background-position":"center center","background-size":"auto","background-attachment":"scroll","background-type":"","background-media":"","overlay-type":"","overlay-color":"","overlay-opacity":"","overlay-gradient":""}},"footnotes":""},"class_list":["post-540","page","type-page","status-publish","hentry"],"_links":{"self":[{"href":"https:\/\/www.puuagentti.fi\/en\/wp-json\/wp\/v2\/pages\/540","targetHints":{"allow":["GET"]}}],"collection":[{"href":"https:\/\/www.puuagentti.fi\/en\/wp-json\/wp\/v2\/pages"}],"about":[{"href":"https:\/\/www.puuagentti.fi\/en\/wp-json\/wp\/v2\/types\/page"}],"author":[{"embeddable":true,"href":"https:\/\/www.puuagentti.fi\/en\/wp-json\/wp\/v2\/users\/1"}],"replies":[{"embeddable":true,"href":"https:\/\/www.puuagentti.fi\/en\/wp-json\/wp\/v2\/comments?post=540"}],"version-history":[{"count":45,"href":"https:\/\/www.puuagentti.fi\/en\/wp-json\/wp\/v2\/pages\/540\/revisions"}],"predecessor-version":[{"id":1599,"href":"https:\/\/www.puuagentti.fi\/en\/wp-json\/wp\/v2\/pages\/540\/revisions\/1599"}],"wp:attachment":[{"href":"https:\/\/www.puuagentti.fi\/en\/wp-json\/wp\/v2\/media?parent=540"}],"curies":[{"name":"wp","href":"https:\/\/api.w.org\/{rel}","templated":true}]}}