{"id":542,"date":"2025-05-12T22:26:28","date_gmt":"2025-05-12T22:26:28","guid":{"rendered":"http:\/\/localhost:10010\/services\/"},"modified":"2025-05-13T21:36:05","modified_gmt":"2025-05-13T21:36:05","slug":"services","status":"publish","type":"page","link":"https:\/\/www.puuagentti.fi\/en\/services\/","title":{"rendered":"Services"},"content":{"rendered":"<div data-elementor-type=\"wp-post\" data-elementor-id=\"542\" class=\"elementor elementor-542\">\n\t\t\t\t<div class=\"elementor-element elementor-element-ecdc542 e-flex e-con-boxed e-con e-parent\" data-id=\"ecdc542\" data-element_type=\"container\" data-e-type=\"container\" data-settings=\"{&quot;background_background&quot;:&quot;classic&quot;}\">\n\t\t\t\t\t<div class=\"e-con-inner\">\n\t\t<div class=\"elementor-element elementor-element-341f31e e-con-full e-flex e-con e-child\" data-id=\"341f31e\" data-element_type=\"container\" data-e-type=\"container\">\n\t\t\t\t<div class=\"elementor-element elementor-element-c607c23 elementor-widget elementor-widget-heading\" data-id=\"c607c23\" data-element_type=\"widget\" data-e-type=\"widget\" data-widget_type=\"heading.default\">\n\t\t\t\t<div class=\"elementor-widget-container\">\n\t\t\t\t\t<h1 class=\"elementor-heading-title elementor-size-default\">Autojen tuontipalvelu<\/h1>\t\t\t\t<\/div>\n\t\t\t\t<\/div>\n\t\t\t\t<div class=\"elementor-element elementor-element-1107921 elementor-widget elementor-widget-heading\" data-id=\"1107921\" data-element_type=\"widget\" data-e-type=\"widget\" data-widget_type=\"heading.default\">\n\t\t\t\t<div class=\"elementor-widget-container\">\n\t\t\t\t\t<h4 class=\"elementor-heading-title elementor-size-default\">\tS\u00e4\u00e4st\u00e4 jopa 5000 \u20ac \u2013 me hoidamme kaiken puolestasi.<\/h4>\t\t\t\t<\/div>\n\t\t\t\t<\/div>\n\t\t\t\t<\/div>\n\t\t\t\t\t<\/div>\n\t\t\t\t<\/div>\n\t\t<div class=\"elementor-element elementor-element-6a649c0 e-flex e-con-boxed e-con e-parent\" data-id=\"6a649c0\" data-element_type=\"container\" data-e-type=\"container\">\n\t\t\t\t\t<div class=\"e-con-inner\">\n\t\t\t\t<div class=\"elementor-element elementor-element-d2be1e3 elementor-widget-divider--view-line elementor-widget elementor-widget-divider\" data-id=\"d2be1e3\" data-element_type=\"widget\" data-e-type=\"widget\" data-widget_type=\"divider.default\">\n\t\t\t\t<div class=\"elementor-widget-container\">\n\t\t\t\t\t\t\t<div class=\"elementor-divider\">\n\t\t\t<span class=\"elementor-divider-separator\">\n\t\t\t\t\t\t<\/span>\n\t\t<\/div>\n\t\t\t\t\t\t<\/div>\n\t\t\t\t<\/div>\n\t\t\t\t\t<\/div>\n\t\t\t\t<\/div>\n\t\t<div class=\"elementor-element elementor-element-f3439e6 e-flex e-con-boxed e-con e-parent\" data-id=\"f3439e6\" data-element_type=\"container\" data-e-type=\"container\">\n\t\t\t\t\t<div class=\"e-con-inner\">\n\t\t\t\t<div class=\"elementor-element elementor-element-37fae8f elementor-widget elementor-widget-heading\" data-id=\"37fae8f\" data-element_type=\"widget\" data-e-type=\"widget\" data-widget_type=\"heading.default\">\n\t\t\t\t<div class=\"elementor-widget-container\">\n\t\t\t\t\t<h2 class=\"elementor-heading-title elementor-size-default\">AUTON TUONTIPALVELU<\/h2>\t\t\t\t<\/div>\n\t\t\t\t<\/div>\n\t\t\t\t<div class=\"elementor-element elementor-element-a75a77a elementor-widget elementor-widget-text-editor\" data-id=\"a75a77a\" data-element_type=\"widget\" data-e-type=\"widget\" data-widget_type=\"text-editor.default\">\n\t\t\t\t<div class=\"elementor-widget-container\">\n\t\t\t\t\t\t\t\t\t<p><br \/>S\u00e4\u00e4st\u00e4 jopa tuhansia \u2013 tuo auto helposti kauttamme<\/p><p>Haluatko tuoda auton ulkomailta, mutta tullaus ja byrokratia mietitytt\u00e4\u00e4?<br \/>Me tuomme ajoneuvosi puolestasi \u2013 reilulla hinnalla ja ilman riskej\u00e4.<\/p><p>Palveluun sis\u00e4ltyy:<br \/><img decoding=\"async\" class=\"emoji\" role=\"img\" draggable=\"false\" src=\"https:\/\/s.w.org\/images\/core\/emoji\/15.1.0\/svg\/2705.svg\" alt=\"\u2705\" \/> Ajoneuvon tarkastus ja valinta<br \/><img decoding=\"async\" class=\"emoji\" role=\"img\" draggable=\"false\" src=\"https:\/\/s.w.org\/images\/core\/emoji\/15.1.0\/svg\/2705.svg\" alt=\"\u2705\" \/> Nouto EU:n sis\u00e4- tai ulkopuolelta (esim. Saksa, Ruotsi, Baltia)<br \/><img decoding=\"async\" class=\"emoji\" role=\"img\" draggable=\"false\" src=\"https:\/\/s.w.org\/images\/core\/emoji\/15.1.0\/svg\/2705.svg\" alt=\"\u2705\" \/> Kuljetus Suomeen<br \/><img decoding=\"async\" class=\"emoji\" role=\"img\" draggable=\"false\" src=\"https:\/\/s.w.org\/images\/core\/emoji\/15.1.0\/svg\/2705.svg\" alt=\"\u2705\" \/> Tullaus, ALV, verotus ja rekister\u00f6inti<br \/><img decoding=\"async\" class=\"emoji\" role=\"img\" draggable=\"false\" src=\"https:\/\/s.w.org\/images\/core\/emoji\/15.1.0\/svg\/2705.svg\" alt=\"\u2705\" \/> Rekisterikilvet ja katsastus valmiiksi<\/p><p>S\u00e4\u00e4st\u00f6\u00e4 ja varmuutta:<br \/>Usein s\u00e4\u00e4st\u00e4t jopa 2 000\u20135 000 \u20ac verrattuna vastaavaan ajoneuvoon Suomessa.<br \/>Olemme tuoneet kymmeni\u00e4 ajoneuvoja asiakkaille \u2013 turvallisesti ja l\u00e4pin\u00e4kyv\u00e4sti.<\/p><p>Mit\u00e4 tarvitsemme sinulta?<br \/>\u2022 Toive ajoneuvosta tai valmis ilmoitus<br \/>\u2022 Budjetti ja toivottu toimitusaika<br \/>\u2022 Mahdollinen vaihtoauto (ei pakollinen)<\/p><p>Voit my\u00f6s pyyt\u00e4\u00e4 tarjouksen yksitt\u00e4isest\u00e4 osasta:<br \/>\u2022 pelkk\u00e4 kuljetus<br \/>\u2022 pelkk\u00e4 tulliselvitys<br \/>\u2022 saksan rekister\u00f6innin purku<\/p><p>Ota yhteytt\u00e4 ja pyyd\u00e4 ilmainen tarjous!<\/p>\t\t\t\t\t\t\t\t<\/div>\n\t\t\t\t<\/div>\n\t\t\t\t<div class=\"elementor-element elementor-element-ee47952 elementor-widget-divider--view-line elementor-widget elementor-widget-divider\" data-id=\"ee47952\" data-element_type=\"widget\" data-e-type=\"widget\" data-widget_type=\"divider.default\">\n\t\t\t\t<div class=\"elementor-widget-container\">\n\t\t\t\t\t\t\t<div class=\"elementor-divider\">\n\t\t\t<span class=\"elementor-divider-separator\">\n\t\t\t\t\t\t<\/span>\n\t\t<\/div>\n\t\t\t\t\t\t<\/div>\n\t\t\t\t<\/div>\n\t\t\t\t\t<\/div>\n\t\t\t\t<\/div>\n\t\t<div class=\"elementor-element elementor-element-137e299 e-flex e-con-boxed e-con e-parent\" data-id=\"137e299\" data-element_type=\"container\" data-e-type=\"container\">\n\t\t\t\t\t<div class=\"e-con-inner\">\n\t\t\t\t<div class=\"elementor-element elementor-element-1baa169 elementor-widget elementor-widget-heading\" data-id=\"1baa169\" data-element_type=\"widget\" data-e-type=\"widget\" data-widget_type=\"heading.default\">\n\t\t\t\t<div class=\"elementor-widget-container\">\n\t\t\t\t\t<h3 class=\"elementor-heading-title elementor-size-default\">Esimerkkihinnasto (sis. ALV 25.5 %)<\/h3>\t\t\t\t<\/div>\n\t\t\t\t<\/div>\n\t\t\t\t<div class=\"elementor-element elementor-element-408e399 elementor-widget elementor-widget-html\" data-id=\"408e399\" data-element_type=\"widget\" data-e-type=\"widget\" data-widget_type=\"html.default\">\n\t\t\t\t<div class=\"elementor-widget-container\">\n\t\t\t\t\t<figure class=\"wp-block-table\"><table><tbody><tr><td><strong>PALVELUT<\/strong><\/td><td>&nbsp;<\/td><\/tr><tr><td>Historiaraportti (runkonumero)<\/td><td>15 euroa<\/td><\/tr><tr><td>Yhteydenotto automyyj\u00e4\u00e4n<\/td><td>15 euroa<\/td><\/tr><tr><td>Auton tarkastuspalvelu (Bad Saulgau, Saksa)<\/td><td>140 euroa + 0,5 e\/km<\/td><\/tr><tr><td>Ostopalvelu<\/td><td>400 euroa<\/td><\/tr><tr><td>Tinkipalvelu<\/td><td>35 % tingityst\u00e4<\/td><\/tr><tr><td>Maahantuontikatsastus (voi tehd\u00e4 itse)<\/td><td>200 euroa<\/td><\/tr><tr><td>Avaimet k\u00e4teen -lis\u00e4maksu<\/td><td>+ 400 euroa<\/td><\/tr><\/tbody><\/table><\/figure>\t\t\t\t<\/div>\n\t\t\t\t<\/div>\n\t\t\t\t\t<\/div>\n\t\t\t\t<\/div>\n\t\t<div class=\"elementor-element elementor-element-ca6e816 e-flex e-con-boxed e-con e-parent\" data-id=\"ca6e816\" data-element_type=\"container\" data-e-type=\"container\">\n\t\t\t\t\t<div class=\"e-con-inner\">\n\t\t\t\t<div class=\"elementor-element elementor-element-b95a128 elementor-widget elementor-widget-html\" data-id=\"b95a128\" data-element_type=\"widget\" data-e-type=\"widget\" data-widget_type=\"html.default\">\n\t\t\t\t<div class=\"elementor-widget-container\">\n\t\t\t\t\t<figure class=\"wp-block-table\"><table><tbody><tr><td><strong>KULJETUS<\/strong><\/td><td>&nbsp;<\/td><\/tr><tr><td>Ruotsista Helsinkiin<\/td><td>600 \u2013 1000 euroa<\/td><\/tr><tr><td>Saksasta Helsinkiin<\/td><td>1000 \u2013 1500 euroa<\/td><\/tr><tr><td>Pohjois-Amerikka<\/td><td>Sopimuksen mukaan<\/td><\/tr><\/tbody><\/table><\/figure>\t\t\t\t<\/div>\n\t\t\t\t<\/div>\n\t\t\t\t\t<\/div>\n\t\t\t\t<\/div>\n\t\t\t\t<\/div>","protected":false},"excerpt":{"rendered":"<p>Autojen tuontipalvelu S\u00e4\u00e4st\u00e4 jopa 5000 \u20ac \u2013 me hoidamme kaiken puolestasi. AUTON TUONTIPALVELU S\u00e4\u00e4st\u00e4 jopa tuhansia \u2013 tuo auto helposti kauttamme Haluatko tuoda auton ulkomailta, mutta tullaus ja byrokratia mietitytt\u00e4\u00e4?Me tuomme ajoneuvosi puolestasi \u2013 reilulla hinnalla ja ilman riskej\u00e4. Palveluun sis\u00e4ltyy: Ajoneuvon tarkastus ja valinta Nouto EU:n sis\u00e4- tai ulkopuolelta (esim. Saksa, Ruotsi, Baltia) Kuljetus [&hellip;]<\/p>\n","protected":false},"author":1,"featured_media":0,"parent":0,"menu_order":0,"comment_status":"closed","ping_status":"closed","template":"","meta":{"site-sidebar-layout":"no-sidebar","site-content-layout":"page-builder","ast-site-content-layout":"full-width-container","site-content-style":"unboxed","site-sidebar-style":"unboxed","ast-global-header-display":"","ast-banner-title-visibility":"","ast-main-header-display":"","ast-hfb-above-header-display":"","ast-hfb-below-header-display":"","ast-hfb-mobile-header-display":"","site-post-title":"disabled","ast-breadcrumbs-content":"","ast-featured-img":"disabled","footer-sml-layout":"","ast-disable-related-posts":"","theme-transparent-header-meta":"enabled","adv-header-id-meta":"","stick-header-meta":"","header-above-stick-meta":"","header-main-stick-meta":"","header-below-stick-meta":"","astra-migrate-meta-layouts":"set","ast-page-background-enabled":"default","ast-page-background-meta":{"desktop":{"background-color":"","background-image":"","background-repeat":"repeat","background-position":"center center","background-size":"auto","background-attachment":"scroll","background-type":"","background-media":"","overlay-type":"","overlay-color":"","overlay-opacity":"","overlay-gradient":""},"tablet":{"background-color":"","background-image":"","background-repeat":"repeat","background-position":"center center","background-size":"auto","background-attachment":"scroll","background-type":"","background-media":"","overlay-type":"","overlay-color":"","overlay-opacity":"","overlay-gradient":""},"mobile":{"background-color":"","background-image":"","background-repeat":"repeat","background-position":"center center","background-size":"auto","background-attachment":"scroll","background-type":"","background-media":"","overlay-type":"","overlay-color":"","overlay-opacity":"","overlay-gradient":""}},"ast-content-background-meta":{"desktop":{"background-color":"var(--ast-global-color-5)","background-image":"","background-repeat":"repeat","background-position":"center center","background-size":"auto","background-attachment":"scroll","background-type":"","background-media":"","overlay-type":"","overlay-color":"","overlay-opacity":"","overlay-gradient":""},"tablet":{"background-color":"var(--ast-global-color-5)","background-image":"","background-repeat":"repeat","background-position":"center center","background-size":"auto","background-attachment":"scroll","background-type":"","background-media":"","overlay-type":"","overlay-color":"","overlay-opacity":"","overlay-gradient":""},"mobile":{"background-color":"var(--ast-global-color-5)","background-image":"","background-repeat":"repeat","background-position":"center center","background-size":"auto","background-attachment":"scroll","background-type":"","background-media":"","overlay-type":"","overlay-color":"","overlay-opacity":"","overlay-gradient":""}},"footnotes":""},"class_list":["post-542","page","type-page","status-publish","hentry"],"_links":{"self":[{"href":"https:\/\/www.puuagentti.fi\/en\/wp-json\/wp\/v2\/pages\/542","targetHints":{"allow":["GET"]}}],"collection":[{"href":"https:\/\/www.puuagentti.fi\/en\/wp-json\/wp\/v2\/pages"}],"about":[{"href":"https:\/\/www.puuagentti.fi\/en\/wp-json\/wp\/v2\/types\/page"}],"author":[{"embeddable":true,"href":"https:\/\/www.puuagentti.fi\/en\/wp-json\/wp\/v2\/users\/1"}],"replies":[{"embeddable":true,"href":"https:\/\/www.puuagentti.fi\/en\/wp-json\/wp\/v2\/comments?post=542"}],"version-history":[{"count":3,"href":"https:\/\/www.puuagentti.fi\/en\/wp-json\/wp\/v2\/pages\/542\/revisions"}],"predecessor-version":[{"id":1594,"href":"https:\/\/www.puuagentti.fi\/en\/wp-json\/wp\/v2\/pages\/542\/revisions\/1594"}],"wp:attachment":[{"href":"https:\/\/www.puuagentti.fi\/en\/wp-json\/wp\/v2\/media?parent=542"}],"curies":[{"name":"wp","href":"https:\/\/api.w.org\/{rel}","templated":true}]}}